{"id":2462,"date":"2025-08-27T21:18:26","date_gmt":"2025-08-28T00:18:26","guid":{"rendered":"https:\/\/criciumawebradio.com.br\/radio\/?page_id=2462"},"modified":"2025-11-09T13:50:51","modified_gmt":"2025-11-09T16:50:51","slug":"criciuma-web-radio-manutencao","status":"publish","type":"page","link":"https:\/\/criciumawebradio.com.br\/radio\/","title":{"rendered":"Criciuma Web R\u00e1dio &#8211; Manuten\u00e7\u00e3o"},"content":{"rendered":"\t\t<div data-elementor-type=\"wp-page\" data-elementor-id=\"2462\" class=\"elementor elementor-2462\" data-elementor-post-type=\"page\">\n\t\t\t\t<div class=\"elementor-element elementor-element-718a740 e-flex e-con-boxed e-con e-parent\" data-id=\"718a740\" data-element_type=\"container\">\n\t\t\t\t\t<div class=\"e-con-inner\">\n\t\t\t\t<div class=\"elementor-element elementor-element-e49ebda animated-slow elementor-widget elementor-widget-image\" data-id=\"e49ebda\" data-element_type=\"widget\" data-settings=\"{&quot;_animation&quot;:&quot;none&quot;}\" data-widget_type=\"image.default\">\n\t\t\t\t<div class=\"elementor-widget-container\">\n\t\t\t\t\t\t\t\t\t\t\t\t\t\t\t<img fetchpriority=\"high\" decoding=\"async\" width=\"300\" height=\"300\" src=\"https:\/\/criciumawebradio.com.br\/radio\/wp-content\/uploads\/2025\/08\/logo-300x300.png\" class=\"attachment-medium size-medium wp-image-2540\" alt=\"\" srcset=\"https:\/\/criciumawebradio.com.br\/radio\/wp-content\/uploads\/2025\/08\/logo-300x300.png 300w, https:\/\/criciumawebradio.com.br\/radio\/wp-content\/uploads\/2025\/08\/logo-150x150.png 150w, https:\/\/criciumawebradio.com.br\/radio\/wp-content\/uploads\/2025\/08\/logo.png 400w\" sizes=\"(max-width: 300px) 100vw, 300px\" \/>\t\t\t\t\t\t\t\t\t\t\t\t\t\t\t<\/div>\n\t\t\t\t<\/div>\n\t\t\t\t\t<\/div>\n\t\t\t\t<\/div>\n\t\t<div class=\"elementor-element elementor-element-fa69891 e-flex e-con-boxed e-con e-parent\" data-id=\"fa69891\" data-element_type=\"container\" data-settings=\"{&quot;animation&quot;:&quot;none&quot;}\">\n\t\t\t\t\t<div class=\"e-con-inner\">\n\t\t\t\t<div class=\"elementor-element elementor-element-20758c9 elementor-widget elementor-widget-heading\" data-id=\"20758c9\" data-element_type=\"widget\" data-widget_type=\"heading.default\">\n\t\t\t\t<div class=\"elementor-widget-container\">\n\t\t\t\t\t<h2 class=\"elementor-heading-title elementor-size-default\">Estamos atualizando o nosso site<\/h2>\t\t\t\t<\/div>\n\t\t\t\t<\/div>\n\t\t\t\t\t<\/div>\n\t\t\t\t<\/div>\n\t\t<div class=\"elementor-element elementor-element-87c9220 e-flex e-con-boxed e-con e-parent\" data-id=\"87c9220\" data-element_type=\"container\">\n\t\t\t\t\t<div class=\"e-con-inner\">\n\t\t\t\t<div class=\"elementor-element elementor-element-d5d4de9 elementor-widget elementor-widget-html\" data-id=\"d5d4de9\" data-element_type=\"widget\" data-widget_type=\"html.default\">\n\t\t\t\t<div class=\"elementor-widget-container\">\n\t\t\t\t\t<?php\r\n\/\/ menu.php\r\n?>\r\n<!DOCTYPE html>\r\n<html lang=\"pt-br\">\r\n<head>\r\n  <meta charset=\"UTF-8\">\r\n  <title>Ou\u00e7a a nossa r\u00e1dio Escolha<\/title>\r\n  <style>\r\n    body {\r\n      font-family: Arial, sans-serif;\r\n    }\r\n\r\n    .dropdown {\r\n      position: relative;\r\n      display: inline-block;\r\n    }\r\n\r\n    .dropbtn {\r\n      background-color: #3498db;\r\n      color: white;\r\n      padding: 12px 20px;\r\n      font-size: 16px;\r\n      border: none;\r\n      cursor: pointer;\r\n      border-radius: 6px;\r\n    }\r\n\r\n    .dropdown-content {\r\n      display: none;\r\n      position: absolute;\r\n      background-color: #f1f1f1;\r\n      min-width: 220px;\r\n      box-shadow: 0px 8px 16px rgba(0,0,0,0.2);\r\n      border-radius: 6px;\r\n      z-index: 1;\r\n    }\r\n\r\n    .dropdown-content a {\r\n      color: black;\r\n      padding: 12px 18px;\r\n      text-decoration: none;\r\n      display: block;\r\n    }\r\n\r\n    .dropdown-content a:hover {\r\n      background-color: #ddd;\r\n    }\r\n\r\n    .dropdown:hover .dropdown-content {\r\n      display: block;\r\n    }\r\n  <\/style>\r\n<\/head>\r\n<body>\r\n\r\n  \r\n\r\n  <div class=\"dropdown\">\r\n    <button class=\"dropbtn\">Ouvir Crici\u00fama Web R\u00e1dio<\/button>\r\n    <div class=\"dropdown-content\">    \r\n   \r\n  <a href=\"#\" onclick=\"abrirPopup('https:\/\/player.pluscast.net.br\/player-popup\/8058\/1')\">\ud83d\udcfb Crici\u00fama Louvor<\/a>\r\n  <a href=\"#\" onclick=\"abrirPopup('https:\/\/player.pluscast.net.br\/player-popup\/7074\/2')\">\ud83d\udcfb Crici\u00fama Sertaneja<\/a>\r\n     <\/div>\r\n  <\/div>\r\n\r\n  <script>\r\n    function abrirPopup(url) {\r\n      window.open(url, \"popupWindow\", \"width=400,height=270,scrollbars=no,resizable=yes\");\r\n    }\r\n  <\/script>\r\n\r\n<\/body>\r\n<\/html>\r\n\t\t\t\t<\/div>\n\t\t\t\t<\/div>\n\t\t\t\t\t<\/div>\n\t\t\t\t<\/div>\n\t\t<div class=\"elementor-element elementor-element-cd30e1f e-flex e-con-boxed e-con e-parent\" data-id=\"cd30e1f\" data-element_type=\"container\">\n\t\t\t\t\t<div class=\"e-con-inner\">\n\t\t<div class=\"elementor-element elementor-element-8f6584e e-con-full e-flex e-con e-child\" data-id=\"8f6584e\" data-element_type=\"container\">\n\t\t\t\t<div class=\"elementor-element elementor-element-ad2d7f2 elementor-widget elementor-widget-image\" data-id=\"ad2d7f2\" data-element_type=\"widget\" data-widget_type=\"image.default\">\n\t\t\t\t<div class=\"elementor-widget-container\">\n\t\t\t\t\t\t\t\t\t\t\t\t\t\t\t\t<a href=\"https:\/\/avalianeuro.com.br\/\" target=\"_blank\">\n\t\t\t\t\t\t\t<img decoding=\"async\" width=\"320\" height=\"100\" src=\"https:\/\/criciumawebradio.com.br\/radio\/wp-content\/uploads\/2024\/07\/ava-neuro.jpg\" class=\"attachment-medium_large size-medium_large wp-image-861\" alt=\"\" srcset=\"https:\/\/criciumawebradio.com.br\/radio\/wp-content\/uploads\/2024\/07\/ava-neuro.jpg 320w, https:\/\/criciumawebradio.com.br\/radio\/wp-content\/uploads\/2024\/07\/ava-neuro-300x94.jpg 300w\" sizes=\"(max-width: 320px) 100vw, 320px\" \/>\t\t\t\t\t\t\t\t<\/a>\n\t\t\t\t\t\t\t\t\t\t\t\t\t\t\t<\/div>\n\t\t\t\t<\/div>\n\t\t\t\t<\/div>\n\t\t<div class=\"elementor-element elementor-element-4020b7a e-con-full e-flex e-con e-child\" data-id=\"4020b7a\" data-element_type=\"container\">\n\t\t\t\t<div class=\"elementor-element elementor-element-70b5504 elementor-widget elementor-widget-image\" data-id=\"70b5504\" data-element_type=\"widget\" data-widget_type=\"image.default\">\n\t\t\t\t<div class=\"elementor-widget-container\">\n\t\t\t\t\t\t\t\t\t\t\t\t\t\t\t\t<a href=\"https:\/\/pensaomilitar.adv.br\/site\/\" target=\"_blank\">\n\t\t\t\t\t\t\t<img decoding=\"async\" width=\"320\" height=\"100\" src=\"https:\/\/criciumawebradio.com.br\/radio\/wp-content\/uploads\/2024\/07\/advocacia-1.jpg\" class=\"attachment-medium_large size-medium_large wp-image-860\" alt=\"\" srcset=\"https:\/\/criciumawebradio.com.br\/radio\/wp-content\/uploads\/2024\/07\/advocacia-1.jpg 320w, https:\/\/criciumawebradio.com.br\/radio\/wp-content\/uploads\/2024\/07\/advocacia-1-300x94.jpg 300w\" sizes=\"(max-width: 320px) 100vw, 320px\" \/>\t\t\t\t\t\t\t\t<\/a>\n\t\t\t\t\t\t\t\t\t\t\t\t\t\t\t<\/div>\n\t\t\t\t<\/div>\n\t\t\t\t<\/div>\n\t\t<div class=\"elementor-element elementor-element-1d072f7 e-con-full e-flex e-con e-child\" data-id=\"1d072f7\" data-element_type=\"container\">\n\t\t\t\t<div class=\"elementor-element elementor-element-d159778 elementor-widget elementor-widget-image\" data-id=\"d159778\" data-element_type=\"widget\" data-widget_type=\"image.default\">\n\t\t\t\t<div class=\"elementor-widget-container\">\n\t\t\t\t\t\t\t\t\t\t\t\t\t\t\t\t<a href=\"https:\/\/www.instagram.com\/restaurantecolomb0\/\" target=\"_blank\">\n\t\t\t\t\t\t\t<img loading=\"lazy\" decoding=\"async\" width=\"320\" height=\"100\" src=\"https:\/\/criciumawebradio.com.br\/radio\/wp-content\/uploads\/2024\/07\/COLOMBO.jpg\" class=\"attachment-medium_large size-medium_large wp-image-628\" alt=\"\" srcset=\"https:\/\/criciumawebradio.com.br\/radio\/wp-content\/uploads\/2024\/07\/COLOMBO.jpg 320w, https:\/\/criciumawebradio.com.br\/radio\/wp-content\/uploads\/2024\/07\/COLOMBO-300x94.jpg 300w\" sizes=\"(max-width: 320px) 100vw, 320px\" \/>\t\t\t\t\t\t\t\t<\/a>\n\t\t\t\t\t\t\t\t\t\t\t\t\t\t\t<\/div>\n\t\t\t\t<\/div>\n\t\t\t\t<\/div>\n\t\t\t\t\t<\/div>\n\t\t\t\t<\/div>\n\t\t<div class=\"elementor-element elementor-element-474d5be e-flex e-con-boxed e-con e-parent\" data-id=\"474d5be\" data-element_type=\"container\" data-settings=\"{&quot;background_background&quot;:&quot;classic&quot;}\">\n\t\t\t\t\t<div class=\"e-con-inner\">\n\t\t\t\t<div class=\"elementor-element elementor-element-a435051 animated-slow elementor-invisible elementor-widget elementor-widget-image\" data-id=\"a435051\" data-element_type=\"widget\" data-settings=\"{&quot;_animation&quot;:&quot;fadeIn&quot;}\" data-widget_type=\"image.default\">\n\t\t\t\t<div class=\"elementor-widget-container\">\n\t\t\t\t\t\t\t\t\t\t\t\t\t\t\t\t<a href=\"https:\/\/eduron.com.br\" target=\"_blank\">\n\t\t\t\t\t\t\t<img loading=\"lazy\" decoding=\"async\" width=\"800\" height=\"800\" src=\"https:\/\/criciumawebradio.com.br\/radio\/wp-content\/uploads\/2024\/07\/LOGOTRANSSS.png\" class=\"attachment-large size-large wp-image-2118\" alt=\"\" srcset=\"https:\/\/criciumawebradio.com.br\/radio\/wp-content\/uploads\/2024\/07\/LOGOTRANSSS.png 1000w, https:\/\/criciumawebradio.com.br\/radio\/wp-content\/uploads\/2024\/07\/LOGOTRANSSS-300x300.png 300w, https:\/\/criciumawebradio.com.br\/radio\/wp-content\/uploads\/2024\/07\/LOGOTRANSSS-150x150.png 150w, https:\/\/criciumawebradio.com.br\/radio\/wp-content\/uploads\/2024\/07\/LOGOTRANSSS-768x768.png 768w\" sizes=\"(max-width: 800px) 100vw, 800px\" \/>\t\t\t\t\t\t\t\t<\/a>\n\t\t\t\t\t\t\t\t\t\t\t\t\t\t\t<\/div>\n\t\t\t\t<\/div>\n\t\t\t\t\t<\/div>\n\t\t\t\t<\/div>\n\t\t\t\t<\/div>\n\t\t","protected":false},"excerpt":{"rendered":"<p>Estamos atualizando o nosso site Ou\u00e7a a nossa r\u00e1dio Escolha Ouvir Crici\u00fama Web R\u00e1dio \ud83d\udcfb Crici\u00fama Louvor \ud83d\udcfb Crici\u00fama Sertaneja<\/p>\n","protected":false},"author":1,"featured_media":0,"parent":0,"menu_order":0,"comment_status":"closed","ping_status":"closed","template":"elementor_canvas","meta":{"footnotes":""},"class_list":["post-2462","page","type-page","status-publish","hentry"],"yoast_head":"<!-- This site is optimized with the Yoast SEO Premium plugin v21.8 (Yoast SEO v27.4) - https:\/\/yoast.com\/product\/yoast-seo-premium-wordpress\/ -->\n<title>Criciuma Web R\u00e1dio - Manuten\u00e7\u00e3o - Criciuma Web R\u00e1dio<\/title>\n<meta name=\"robots\" content=\"index, follow, max-snippet:-1, max-image-preview:large, max-video-preview:-1\" \/>\n<link rel=\"canonical\" href=\"https:\/\/criciumawebradio.com.br\/radio\/\" \/>\n<meta property=\"og:locale\" content=\"pt_BR\" \/>\n<meta property=\"og:type\" content=\"article\" \/>\n<meta property=\"og:title\" content=\"Criciuma Web R\u00e1dio - Manuten\u00e7\u00e3o\" \/>\n<meta property=\"og:description\" content=\"Estamos atualizando o nosso site Ou\u00e7a a nossa r\u00e1dio Escolha Ouvir Crici\u00fama Web R\u00e1dio \ud83d\udcfb Crici\u00fama Louvor \ud83d\udcfb Crici\u00fama Sertaneja\" \/>\n<meta property=\"og:url\" content=\"https:\/\/criciumawebradio.com.br\/radio\/\" \/>\n<meta property=\"og:site_name\" content=\"Criciuma Web R\u00e1dio\" \/>\n<meta property=\"article:modified_time\" content=\"2025-11-09T16:50:51+00:00\" \/>\n<meta property=\"og:image\" content=\"https:\/\/criciumawebradio.com.br\/radio\/wp-content\/uploads\/2025\/08\/logo.png\" \/>\n\t<meta property=\"og:image:width\" content=\"400\" \/>\n\t<meta property=\"og:image:height\" content=\"400\" \/>\n\t<meta property=\"og:image:type\" content=\"image\/png\" \/>\n<meta name=\"twitter:card\" content=\"summary_large_image\" \/>\n<meta name=\"twitter:label1\" content=\"Est. tempo de leitura\" \/>\n\t<meta name=\"twitter:data1\" content=\"2 minutos\" \/>\n<script type=\"application\/ld+json\" class=\"yoast-schema-graph\">{\"@context\":\"https:\\\/\\\/schema.org\",\"@graph\":[{\"@type\":\"WebPage\",\"@id\":\"https:\\\/\\\/criciumawebradio.com.br\\\/radio\\\/\",\"url\":\"https:\\\/\\\/criciumawebradio.com.br\\\/radio\\\/\",\"name\":\"Criciuma Web R\u00e1dio - Manuten\u00e7\u00e3o - Criciuma Web R\u00e1dio\",\"isPartOf\":{\"@id\":\"https:\\\/\\\/criciumawebradio.com.br\\\/radio\\\/#website\"},\"primaryImageOfPage\":{\"@id\":\"https:\\\/\\\/criciumawebradio.com.br\\\/radio\\\/#primaryimage\"},\"image\":{\"@id\":\"https:\\\/\\\/criciumawebradio.com.br\\\/radio\\\/#primaryimage\"},\"thumbnailUrl\":\"https:\\\/\\\/criciumawebradio.com.br\\\/radio\\\/wp-content\\\/uploads\\\/2025\\\/08\\\/logo-300x300.png\",\"datePublished\":\"2025-08-28T00:18:26+00:00\",\"dateModified\":\"2025-11-09T16:50:51+00:00\",\"breadcrumb\":{\"@id\":\"https:\\\/\\\/criciumawebradio.com.br\\\/radio\\\/#breadcrumb\"},\"inLanguage\":\"pt-BR\",\"potentialAction\":[{\"@type\":\"ReadAction\",\"target\":[\"https:\\\/\\\/criciumawebradio.com.br\\\/radio\\\/\"]}]},{\"@type\":\"ImageObject\",\"inLanguage\":\"pt-BR\",\"@id\":\"https:\\\/\\\/criciumawebradio.com.br\\\/radio\\\/#primaryimage\",\"url\":\"https:\\\/\\\/criciumawebradio.com.br\\\/radio\\\/wp-content\\\/uploads\\\/2025\\\/08\\\/logo.png\",\"contentUrl\":\"https:\\\/\\\/criciumawebradio.com.br\\\/radio\\\/wp-content\\\/uploads\\\/2025\\\/08\\\/logo.png\",\"width\":400,\"height\":400},{\"@type\":\"BreadcrumbList\",\"@id\":\"https:\\\/\\\/criciumawebradio.com.br\\\/radio\\\/#breadcrumb\",\"itemListElement\":[{\"@type\":\"ListItem\",\"position\":1,\"name\":\"Home\",\"item\":\"https:\\\/\\\/criciumawebradio.com.br\\\/radio\\\/\"},{\"@type\":\"ListItem\",\"position\":2,\"name\":\"Criciuma Web R\u00e1dio &#8211; Manuten\u00e7\u00e3o\"}]},{\"@type\":\"WebSite\",\"@id\":\"https:\\\/\\\/criciumawebradio.com.br\\\/radio\\\/#website\",\"url\":\"https:\\\/\\\/criciumawebradio.com.br\\\/radio\\\/\",\"name\":\"Criciuma Web R\u00e1dio\",\"description\":\"Criciuma, Musica. Entretenimento\",\"publisher\":{\"@id\":\"https:\\\/\\\/criciumawebradio.com.br\\\/radio\\\/#\\\/schema\\\/person\\\/f977a6ad27d48064b499849d32bf1dd4\"},\"potentialAction\":[{\"@type\":\"SearchAction\",\"target\":{\"@type\":\"EntryPoint\",\"urlTemplate\":\"https:\\\/\\\/criciumawebradio.com.br\\\/radio\\\/?s={search_term_string}\"},\"query-input\":{\"@type\":\"PropertyValueSpecification\",\"valueRequired\":true,\"valueName\":\"search_term_string\"}}],\"inLanguage\":\"pt-BR\"},{\"@type\":[\"Person\",\"Organization\"],\"@id\":\"https:\\\/\\\/criciumawebradio.com.br\\\/radio\\\/#\\\/schema\\\/person\\\/f977a6ad27d48064b499849d32bf1dd4\",\"name\":\"ronie\",\"image\":{\"@type\":\"ImageObject\",\"inLanguage\":\"pt-BR\",\"@id\":\"https:\\\/\\\/criciumawebradio.com.br\\\/radio\\\/wp-content\\\/uploads\\\/2024\\\/07\\\/imagem-do-navegador-fivicon.jpg\",\"url\":\"https:\\\/\\\/criciumawebradio.com.br\\\/radio\\\/wp-content\\\/uploads\\\/2024\\\/07\\\/imagem-do-navegador-fivicon.jpg\",\"contentUrl\":\"https:\\\/\\\/criciumawebradio.com.br\\\/radio\\\/wp-content\\\/uploads\\\/2024\\\/07\\\/imagem-do-navegador-fivicon.jpg\",\"width\":563,\"height\":563,\"caption\":\"ronie\"},\"logo\":{\"@id\":\"https:\\\/\\\/criciumawebradio.com.br\\\/radio\\\/wp-content\\\/uploads\\\/2024\\\/07\\\/imagem-do-navegador-fivicon.jpg\"},\"sameAs\":[\"https:\\\/\\\/criciumawebradio.com.br\\\/radio\"]}]}<\/script>\n<!-- \/ Yoast SEO Premium plugin. -->","yoast_head_json":{"title":"Criciuma Web R\u00e1dio - Manuten\u00e7\u00e3o - Criciuma Web R\u00e1dio","robots":{"index":"index","follow":"follow","max-snippet":"max-snippet:-1","max-image-preview":"max-image-preview:large","max-video-preview":"max-video-preview:-1"},"canonical":"https:\/\/criciumawebradio.com.br\/radio\/","og_locale":"pt_BR","og_type":"article","og_title":"Criciuma Web R\u00e1dio - Manuten\u00e7\u00e3o","og_description":"Estamos atualizando o nosso site Ou\u00e7a a nossa r\u00e1dio Escolha Ouvir Crici\u00fama Web R\u00e1dio \ud83d\udcfb Crici\u00fama Louvor \ud83d\udcfb Crici\u00fama Sertaneja","og_url":"https:\/\/criciumawebradio.com.br\/radio\/","og_site_name":"Criciuma Web R\u00e1dio","article_modified_time":"2025-11-09T16:50:51+00:00","og_image":[{"width":400,"height":400,"url":"https:\/\/criciumawebradio.com.br\/radio\/wp-content\/uploads\/2025\/08\/logo.png","type":"image\/png"}],"twitter_card":"summary_large_image","twitter_misc":{"Est. tempo de leitura":"2 minutos"},"schema":{"@context":"https:\/\/schema.org","@graph":[{"@type":"WebPage","@id":"https:\/\/criciumawebradio.com.br\/radio\/","url":"https:\/\/criciumawebradio.com.br\/radio\/","name":"Criciuma Web R\u00e1dio - Manuten\u00e7\u00e3o - Criciuma Web R\u00e1dio","isPartOf":{"@id":"https:\/\/criciumawebradio.com.br\/radio\/#website"},"primaryImageOfPage":{"@id":"https:\/\/criciumawebradio.com.br\/radio\/#primaryimage"},"image":{"@id":"https:\/\/criciumawebradio.com.br\/radio\/#primaryimage"},"thumbnailUrl":"https:\/\/criciumawebradio.com.br\/radio\/wp-content\/uploads\/2025\/08\/logo-300x300.png","datePublished":"2025-08-28T00:18:26+00:00","dateModified":"2025-11-09T16:50:51+00:00","breadcrumb":{"@id":"https:\/\/criciumawebradio.com.br\/radio\/#breadcrumb"},"inLanguage":"pt-BR","potentialAction":[{"@type":"ReadAction","target":["https:\/\/criciumawebradio.com.br\/radio\/"]}]},{"@type":"ImageObject","inLanguage":"pt-BR","@id":"https:\/\/criciumawebradio.com.br\/radio\/#primaryimage","url":"https:\/\/criciumawebradio.com.br\/radio\/wp-content\/uploads\/2025\/08\/logo.png","contentUrl":"https:\/\/criciumawebradio.com.br\/radio\/wp-content\/uploads\/2025\/08\/logo.png","width":400,"height":400},{"@type":"BreadcrumbList","@id":"https:\/\/criciumawebradio.com.br\/radio\/#breadcrumb","itemListElement":[{"@type":"ListItem","position":1,"name":"Home","item":"https:\/\/criciumawebradio.com.br\/radio\/"},{"@type":"ListItem","position":2,"name":"Criciuma Web R\u00e1dio &#8211; Manuten\u00e7\u00e3o"}]},{"@type":"WebSite","@id":"https:\/\/criciumawebradio.com.br\/radio\/#website","url":"https:\/\/criciumawebradio.com.br\/radio\/","name":"Criciuma Web R\u00e1dio","description":"Criciuma, Musica. Entretenimento","publisher":{"@id":"https:\/\/criciumawebradio.com.br\/radio\/#\/schema\/person\/f977a6ad27d48064b499849d32bf1dd4"},"potentialAction":[{"@type":"SearchAction","target":{"@type":"EntryPoint","urlTemplate":"https:\/\/criciumawebradio.com.br\/radio\/?s={search_term_string}"},"query-input":{"@type":"PropertyValueSpecification","valueRequired":true,"valueName":"search_term_string"}}],"inLanguage":"pt-BR"},{"@type":["Person","Organization"],"@id":"https:\/\/criciumawebradio.com.br\/radio\/#\/schema\/person\/f977a6ad27d48064b499849d32bf1dd4","name":"ronie","image":{"@type":"ImageObject","inLanguage":"pt-BR","@id":"https:\/\/criciumawebradio.com.br\/radio\/wp-content\/uploads\/2024\/07\/imagem-do-navegador-fivicon.jpg","url":"https:\/\/criciumawebradio.com.br\/radio\/wp-content\/uploads\/2024\/07\/imagem-do-navegador-fivicon.jpg","contentUrl":"https:\/\/criciumawebradio.com.br\/radio\/wp-content\/uploads\/2024\/07\/imagem-do-navegador-fivicon.jpg","width":563,"height":563,"caption":"ronie"},"logo":{"@id":"https:\/\/criciumawebradio.com.br\/radio\/wp-content\/uploads\/2024\/07\/imagem-do-navegador-fivicon.jpg"},"sameAs":["https:\/\/criciumawebradio.com.br\/radio"]}]}},"_links":{"self":[{"href":"https:\/\/criciumawebradio.com.br\/radio\/wp-json\/wp\/v2\/pages\/2462","targetHints":{"allow":["GET"]}}],"collection":[{"href":"https:\/\/criciumawebradio.com.br\/radio\/wp-json\/wp\/v2\/pages"}],"about":[{"href":"https:\/\/criciumawebradio.com.br\/radio\/wp-json\/wp\/v2\/types\/page"}],"author":[{"embeddable":true,"href":"https:\/\/criciumawebradio.com.br\/radio\/wp-json\/wp\/v2\/users\/1"}],"replies":[{"embeddable":true,"href":"https:\/\/criciumawebradio.com.br\/radio\/wp-json\/wp\/v2\/comments?post=2462"}],"version-history":[{"count":262,"href":"https:\/\/criciumawebradio.com.br\/radio\/wp-json\/wp\/v2\/pages\/2462\/revisions"}],"predecessor-version":[{"id":2740,"href":"https:\/\/criciumawebradio.com.br\/radio\/wp-json\/wp\/v2\/pages\/2462\/revisions\/2740"}],"wp:attachment":[{"href":"https:\/\/criciumawebradio.com.br\/radio\/wp-json\/wp\/v2\/media?parent=2462"}],"curies":[{"name":"wp","href":"https:\/\/api.w.org\/{rel}","templated":true}]}}